{"id":16,"date":"2024-02-16T16:58:30","date_gmt":"2024-02-16T19:58:30","guid":{"rendered":"https:\/\/ajuda.cedrotech.com\/risk\/?page_id=16"},"modified":"2024-03-06T14:12:54","modified_gmt":"2024-03-06T17:12:54","slug":"pagina-inicial","status":"publish","type":"page","link":"https:\/\/ajuda.cedrotech.com\/risk\/","title":{"rendered":"P\u00e1gina Inicial"},"content":{"rendered":"<div class=\"likebtn_container\" style=\"\"><!-- LikeBtn.com BEGIN --><span class=\"likebtn-wrapper\"  data-identifier=\"page_16\"  data-site_id=\"65e736466fd08bd51bff5678\"  data-lang=\"pt\"  data-style=\"\"  data-unlike_allowed=\"\"  data-show_copyright=\"\"  data-item_url=\"https:\/\/ajuda.cedrotech.com\/risk\/\"  data-item_title=\"P\u00e1gina Inicial\"  data-item_date=\"2024-02-16T16:58:30-03:00\"  data-engine=\"WordPress\"  data-plugin_v=\"2.6.58\"  data-prx=\"https:\/\/ajuda.cedrotech.com\/risk\/wp-admin\/admin-ajax.php?action=likebtn_prx\"  data-event_handler=\"likebtn_eh\" ><\/span><!-- LikeBtn.com END --><\/div>","protected":false},"excerpt":{"rendered":"<div class=\"likebtn_container\" style=\"\"><!-- LikeBtn.com BEGIN --><span class=\"likebtn-wrapper\"  data-identifier=\"page_16\"  data-site_id=\"65e736466fd08bd51bff5678\"  data-lang=\"pt\"  data-style=\"\"  data-unlike_allowed=\"\"  data-show_copyright=\"\"  data-item_url=\"https:\/\/ajuda.cedrotech.com\/risk\/\"  data-item_title=\"P\u00e1gina Inicial\"  data-item_date=\"2024-02-16T16:58:30-03:00\"  data-engine=\"WordPress\"  data-plugin_v=\"2.6.58\"  data-prx=\"https:\/\/ajuda.cedrotech.com\/risk\/wp-admin\/admin-ajax.php?action=likebtn_prx\"  data-event_handler=\"likebtn_eh\" ><\/span><!-- LikeBtn.com END --><\/div>","protected":false},"author":1,"featured_media":0,"parent":0,"menu_order":0,"comment_status":"closed","ping_status":"closed","template":"template-produto.php","meta":{"footnotes":""},"class_list":["post-16","page","type-page","status-publish","hentry"],"yoast_head":"<!-- This site is optimized with the Yoast SEO plugin v26.5 - https:\/\/yoast.com\/wordpress\/plugins\/seo\/ -->\n<title>P\u00e1gina Inicial - Risk Cedro<\/title>\n<meta name=\"description\" content=\"Avalie e gerencie com exatid\u00e3o os resultados das opera\u00e7\u00f5es realizadas da sua corretora.\" \/>\n<meta name=\"robots\" content=\"index, follow, max-snippet:-1, max-image-preview:large, max-video-preview:-1\" \/>\n<link rel=\"canonical\" href=\"https:\/\/ajuda.cedrotech.com\/risk\/\" \/>\n<meta property=\"og:locale\" content=\"pt_BR\" \/>\n<meta property=\"og:type\" content=\"article\" \/>\n<meta property=\"og:title\" content=\"P\u00e1gina Inicial - Risk Cedro\" \/>\n<meta property=\"og:description\" content=\"Avalie e gerencie com exatid\u00e3o os resultados das opera\u00e7\u00f5es realizadas da sua corretora.\" \/>\n<meta property=\"og:url\" content=\"https:\/\/ajuda.cedrotech.com\/risk\/\" \/>\n<meta property=\"og:site_name\" content=\"Risk Cedro\" \/>\n<meta property=\"article:modified_time\" content=\"2024-03-06T17:12:54+00:00\" \/>\n<meta name=\"twitter:card\" content=\"summary_large_image\" \/>\n<script type=\"application\/ld+json\" class=\"yoast-schema-graph\">{\"@context\":\"https:\/\/schema.org\",\"@graph\":[{\"@type\":\"WebPage\",\"@id\":\"https:\/\/ajuda.cedrotech.com\/risk\/\",\"url\":\"https:\/\/ajuda.cedrotech.com\/risk\/\",\"name\":\"P\u00e1gina Inicial - Risk Cedro\",\"isPartOf\":{\"@id\":\"https:\/\/ajuda.cedrotech.com\/risk\/#website\"},\"datePublished\":\"2024-02-16T19:58:30+00:00\",\"dateModified\":\"2024-03-06T17:12:54+00:00\",\"description\":\"Avalie e gerencie com exatid\u00e3o os resultados das opera\u00e7\u00f5es realizadas da sua corretora.\",\"breadcrumb\":{\"@id\":\"https:\/\/ajuda.cedrotech.com\/risk\/#breadcrumb\"},\"inLanguage\":\"pt-BR\",\"potentialAction\":[{\"@type\":\"ReadAction\",\"target\":[\"https:\/\/ajuda.cedrotech.com\/risk\/\"]}]},{\"@type\":\"BreadcrumbList\",\"@id\":\"https:\/\/ajuda.cedrotech.com\/risk\/#breadcrumb\",\"itemListElement\":[{\"@type\":\"ListItem\",\"position\":1,\"name\":\"In\u00edcio\",\"item\":\"https:\/\/ajuda.cedrotech.com\/risk\/\"},{\"@type\":\"ListItem\",\"position\":2,\"name\":\"P\u00e1gina Inicial\"}]},{\"@type\":\"WebSite\",\"@id\":\"https:\/\/ajuda.cedrotech.com\/risk\/#website\",\"url\":\"https:\/\/ajuda.cedrotech.com\/risk\/\",\"name\":\"Risk Cedro\",\"description\":\"Avalie e gerencie com exatid\u00e3o os resultados das opera\u00e7\u00f5es realizadas da sua corretora.\",\"potentialAction\":[{\"@type\":\"SearchAction\",\"target\":{\"@type\":\"EntryPoint\",\"urlTemplate\":\"https:\/\/ajuda.cedrotech.com\/risk\/?s={search_term_string}\"},\"query-input\":{\"@type\":\"PropertyValueSpecification\",\"valueRequired\":true,\"valueName\":\"search_term_string\"}}],\"inLanguage\":\"pt-BR\"}]}<\/script>\n<!-- \/ Yoast SEO plugin. -->","yoast_head_json":{"title":"P\u00e1gina Inicial - Risk Cedro","description":"Avalie e gerencie com exatid\u00e3o os resultados das opera\u00e7\u00f5es realizadas da sua corretora.","robots":{"index":"index","follow":"follow","max-snippet":"max-snippet:-1","max-image-preview":"max-image-preview:large","max-video-preview":"max-video-preview:-1"},"canonical":"https:\/\/ajuda.cedrotech.com\/risk\/","og_locale":"pt_BR","og_type":"article","og_title":"P\u00e1gina Inicial - Risk Cedro","og_description":"Avalie e gerencie com exatid\u00e3o os resultados das opera\u00e7\u00f5es realizadas da sua corretora.","og_url":"https:\/\/ajuda.cedrotech.com\/risk\/","og_site_name":"Risk Cedro","article_modified_time":"2024-03-06T17:12:54+00:00","twitter_card":"summary_large_image","schema":{"@context":"https:\/\/schema.org","@graph":[{"@type":"WebPage","@id":"https:\/\/ajuda.cedrotech.com\/risk\/","url":"https:\/\/ajuda.cedrotech.com\/risk\/","name":"P\u00e1gina Inicial - Risk Cedro","isPartOf":{"@id":"https:\/\/ajuda.cedrotech.com\/risk\/#website"},"datePublished":"2024-02-16T19:58:30+00:00","dateModified":"2024-03-06T17:12:54+00:00","description":"Avalie e gerencie com exatid\u00e3o os resultados das opera\u00e7\u00f5es realizadas da sua corretora.","breadcrumb":{"@id":"https:\/\/ajuda.cedrotech.com\/risk\/#breadcrumb"},"inLanguage":"pt-BR","potentialAction":[{"@type":"ReadAction","target":["https:\/\/ajuda.cedrotech.com\/risk\/"]}]},{"@type":"BreadcrumbList","@id":"https:\/\/ajuda.cedrotech.com\/risk\/#breadcrumb","itemListElement":[{"@type":"ListItem","position":1,"name":"In\u00edcio","item":"https:\/\/ajuda.cedrotech.com\/risk\/"},{"@type":"ListItem","position":2,"name":"P\u00e1gina Inicial"}]},{"@type":"WebSite","@id":"https:\/\/ajuda.cedrotech.com\/risk\/#website","url":"https:\/\/ajuda.cedrotech.com\/risk\/","name":"Risk Cedro","description":"Avalie e gerencie com exatid\u00e3o os resultados das opera\u00e7\u00f5es realizadas da sua corretora.","potentialAction":[{"@type":"SearchAction","target":{"@type":"EntryPoint","urlTemplate":"https:\/\/ajuda.cedrotech.com\/risk\/?s={search_term_string}"},"query-input":{"@type":"PropertyValueSpecification","valueRequired":true,"valueName":"search_term_string"}}],"inLanguage":"pt-BR"}]}},"_links":{"self":[{"href":"https:\/\/ajuda.cedrotech.com\/risk\/wp-json\/wp\/v2\/pages\/16","targetHints":{"allow":["GET"]}}],"collection":[{"href":"https:\/\/ajuda.cedrotech.com\/risk\/wp-json\/wp\/v2\/pages"}],"about":[{"href":"https:\/\/ajuda.cedrotech.com\/risk\/wp-json\/wp\/v2\/types\/page"}],"author":[{"embeddable":true,"href":"https:\/\/ajuda.cedrotech.com\/risk\/wp-json\/wp\/v2\/users\/1"}],"replies":[{"embeddable":true,"href":"https:\/\/ajuda.cedrotech.com\/risk\/wp-json\/wp\/v2\/comments?post=16"}],"version-history":[{"count":1,"href":"https:\/\/ajuda.cedrotech.com\/risk\/wp-json\/wp\/v2\/pages\/16\/revisions"}],"predecessor-version":[{"id":17,"href":"https:\/\/ajuda.cedrotech.com\/risk\/wp-json\/wp\/v2\/pages\/16\/revisions\/17"}],"wp:attachment":[{"href":"https:\/\/ajuda.cedrotech.com\/risk\/wp-json\/wp\/v2\/media?parent=16"}],"curies":[{"name":"wp","href":"https:\/\/api.w.org\/{rel}","templated":true}]}}